{"id":474,"date":"2019-06-06T13:51:59","date_gmt":"2019-06-06T13:51:59","guid":{"rendered":"https:\/\/mosascottages.is\/about\/"},"modified":"2023-09-04T15:12:36","modified_gmt":"2023-09-04T15:12:36","slug":"um-okkur","status":"publish","type":"page","link":"https:\/\/mosascottages.is\/is\/um-okkur\/","title":{"rendered":"Um okkur"},"content":{"rendered":"\t\t<div data-elementor-type=\"wp-post\" data-elementor-id=\"474\" class=\"elementor elementor-474 elementor-184\" data-elementor-post-type=\"page\">\n\t\t\t\t\t\t<section class=\"elementor-section elementor-top-section elementor-element elementor-element-8c02dab elementor-reverse-tablet elementor-reverse-mobile elementor-section-boxed elementor-section-height-default elementor-section-height-default elementor-invisible\" data-id=\"8c02dab\" data-element_type=\"section\" data-e-type=\"section\" data-settings=\"{&quot;animation&quot;:&quot;fadeIn&quot;}\">\n\t\t\t\t\t\t<div class=\"elementor-container elementor-column-gap-no\">\n\t\t\t\t\t<div class=\"elementor-column elementor-col-50 elementor-top-column elementor-element elementor-element-c02ada7\" data-id=\"c02ada7\" data-element_type=\"column\" data-e-type=\"column\">\n\t\t\t<div class=\"elementor-widget-wrap elementor-element-populated\">\n\t\t\t\t\t\t<div class=\"elementor-element elementor-element-7a9d0d2 elementor-widget elementor-widget-image\" data-id=\"7a9d0d2\" data-element_type=\"widget\" data-e-type=\"widget\" data-widget_type=\"image.default\">\n\t\t\t\t<div class=\"elementor-widget-container\">\n\t\t\t\t\t\t\t\t\t\t\t\t\t\t\t<img fetchpriority=\"high\" decoding=\"async\" width=\"800\" height=\"1026\" src=\"https:\/\/mosascottages.is\/wp-content\/uploads\/2020\/01\/mosas-family.jpg\" class=\"attachment-full size-full wp-image-475\" alt=\"\" srcset=\"https:\/\/mosascottages.is\/wp-content\/uploads\/2020\/01\/mosas-family.jpg 800w, https:\/\/mosascottages.is\/wp-content\/uploads\/2020\/01\/mosas-family-234x300.jpg 234w, https:\/\/mosascottages.is\/wp-content\/uploads\/2020\/01\/mosas-family-768x985.jpg 768w, https:\/\/mosascottages.is\/wp-content\/uploads\/2020\/01\/mosas-family-798x1024.jpg 798w\" sizes=\"(max-width: 800px) 100vw, 800px\" \/>\t\t\t\t\t\t\t\t\t\t\t\t\t\t\t<\/div>\n\t\t\t\t<\/div>\n\t\t\t\t\t<\/div>\n\t\t<\/div>\n\t\t\t\t<div class=\"elementor-column elementor-col-50 elementor-top-column elementor-element elementor-element-a888b7c\" data-id=\"a888b7c\" data-element_type=\"column\" data-e-type=\"column\">\n\t\t\t<div class=\"elementor-widget-wrap elementor-element-populated\">\n\t\t\t\t\t\t<div class=\"elementor-element elementor-element-4558f6c elementor-widget elementor-widget-text-editor\" data-id=\"4558f6c\" data-element_type=\"widget\" data-e-type=\"widget\" data-widget_type=\"text-editor.default\">\n\t\t\t\t<div class=\"elementor-widget-container\">\n\t\t\t\t\t\t\t\t\t<p>Vi\u00f0, f\u00f3lki\u00f0 \u00e1 bakvi\u00f0 Mos\u00e1s, erum fj\u00f6lskylda sem samanstendur af hj\u00f3nunum Fj\u00f3lu og Sigga \u00e1samt syni \u00feeirra Heimi og tengdad\u00f3tturinni Dagn\u00fdju. Vi\u00f0 b\u00faum \u00e1 sveitab\u00e6 \u00ed n\u00e1grenninu og erum me\u00f0 st\u00f3rt k\u00faab\u00fa.<\/p>\n<p>\u00c1samt mj\u00f3lkurframlei\u00f0slu rekum vi\u00f0 l\u00edka verktakafyrirt\u00e6ki \u00e1 b\u00e6num sem s\u00e9r um allskonar traktors- og jar\u00f0vinnu fyrir hina \u00fdmsu a\u00f0ila. K\u00fdrnar eru ekki einu d\u00fdrin \u00e1 b\u00e6num \u00fe\u00f3 \u00fe\u00e6r s\u00e9u okkar helsta lifibrau\u00f0 en til gamans eigum vi\u00f0 l\u00edka nokkrar h\u00e6nur og nokkra hesta \u00e1samt s\u00edk\u00e1ta hundinum Tinna.<\/p>\n<p>Vi\u00f0 h\u00f6fum \u00f6ll gaman af einhvers konar \u00fativeru og heilsueflingu.<br>Heimir stundar a\u00f0allega motocross en hefur gaman af \u00f6llu motor-sporti og fer me\u00f0al annars miki\u00f0 \u00e1 snj\u00f3sle\u00f0a \u00e1 veturna me\u00f0 Sigga sem hefur ekki s\u00ed\u00f0ur \u00e1huga \u00e1 \u00fev\u00ed. Einnig fer Siggi \u00ed jeppafer\u00f0ir \u00e1 fj\u00f6ll og syngur \u00ed tveimur k\u00f3rum. Siggi og Dagn\u00fd stunda hestamennsku og deila \u00fev\u00ed \u00e1hugam\u00e1li reyndar me\u00f0 mj\u00f6g m\u00f6rgum \u00e6ttingjum og n\u00e1gr\u00f6nnum svo \u00fea\u00f0 er miki\u00f0 ri\u00f0i\u00f0 \u00fat \u00e1 sumrin \u00ed g\u00f3\u00f0um f\u00e9lagsskap. Dagn\u00fd stundar einnig j\u00f3ga og \u00fearf ekki a\u00f0 fara langt til a\u00f0 s\u00e6kja \u00fea\u00f0 \u00fev\u00ed Fj\u00f3la er j\u00f3gakennari og b\u00fd\u00f0ur upp \u00e1 j\u00f3gat\u00edma fyrir sveitunga. Fj\u00f3la er einnig bl\u00f3madropameistari. \u00c1samt \u00fev\u00ed hefur h\u00fan gaman af \u00fdmis konar \u00fativist svo sem g\u00f6ngusk\u00ed\u00f0um og g\u00f6ngum.<\/p>\n<p>\u00d6ll eigum vi\u00f0 \u00fev\u00ed \u00e1hugam\u00e1l sem tengjast \u00e1 einn e\u00f0a annan h\u00e1tt og eigum \u00fea\u00f0 sameiginlegt nj\u00f3ta n\u00e1tt\u00farunnar og d\u00fdranna sem vi\u00f0 erum svo heppin a\u00f0 vera \u00ed n\u00e1vist vi\u00f0 alla daga.<\/p>\n<p>Holtabygg\u00f0 ehf.<br>Kt:690319-0550<br>Birtingaholti 5, 846 Fl\u00fa\u00f0ir<br>+ 354 868 5751<br>info@mosascottages.is<\/p>\t\t\t\t\t\t\t\t<\/div>\n\t\t\t\t<\/div>\n\t\t\t\t\t<\/div>\n\t\t<\/div>\n\t\t\t\t\t<\/div>\n\t\t<\/section>\n\t\t\t\t<\/div>\n\t\t","protected":false},"excerpt":{"rendered":"<p>Vi\u00f0, f\u00f3lki\u00f0 \u00e1 bakvi\u00f0 Mos\u00e1s, erum fj\u00f6lskylda sem samanstendur af hj\u00f3nunum Fj\u00f3lu og Sigga \u00e1samt syni \u00feeirra Heimi og tengdad\u00f3tturinni Dagn\u00fdju. Vi\u00f0 b\u00faum \u00e1 sveitab\u00e6 \u00ed n\u00e1grenninu og erum me\u00f0 st\u00f3rt k\u00faab\u00fa. \u00c1samt mj\u00f3lkurframlei\u00f0slu rekum vi\u00f0 l\u00edka verktakafyrirt\u00e6ki \u00e1 b\u00e6num sem s\u00e9r um allskonar traktors- og jar\u00f0vinnu fyrir hina \u00fdmsu a\u00f0ila. K\u00fdrnar eru ekki einu [&hellip;]<\/p>\n","protected":false},"author":1,"featured_media":0,"parent":0,"menu_order":0,"comment_status":"closed","ping_status":"closed","template":"","meta":{"_monsterinsights_skip_tracking":false,"_monsterinsights_sitenote_active":false,"_monsterinsights_sitenote_note":"","_monsterinsights_sitenote_category":0,"footnotes":""},"class_list":["post-474","page","type-page","status-publish","hentry"],"_links":{"self":[{"href":"https:\/\/mosascottages.is\/is\/wp-json\/wp\/v2\/pages\/474","targetHints":{"allow":["GET"]}}],"collection":[{"href":"https:\/\/mosascottages.is\/is\/wp-json\/wp\/v2\/pages"}],"about":[{"href":"https:\/\/mosascottages.is\/is\/wp-json\/wp\/v2\/types\/page"}],"author":[{"embeddable":true,"href":"https:\/\/mosascottages.is\/is\/wp-json\/wp\/v2\/users\/1"}],"replies":[{"embeddable":true,"href":"https:\/\/mosascottages.is\/is\/wp-json\/wp\/v2\/comments?post=474"}],"version-history":[{"count":6,"href":"https:\/\/mosascottages.is\/is\/wp-json\/wp\/v2\/pages\/474\/revisions"}],"predecessor-version":[{"id":790,"href":"https:\/\/mosascottages.is\/is\/wp-json\/wp\/v2\/pages\/474\/revisions\/790"}],"wp:attachment":[{"href":"https:\/\/mosascottages.is\/is\/wp-json\/wp\/v2\/media?parent=474"}],"curies":[{"name":"wp","href":"https:\/\/api.w.org\/{rel}","templated":true}]}}